{"id":1765,"date":"2023-06-21T21:32:57","date_gmt":"2023-06-21T18:32:57","guid":{"rendered":"https:\/\/capitalconcept.london\/?page_id=1765"},"modified":"2023-06-23T11:43:52","modified_gmt":"2023-06-23T08:43:52","slug":"educacion-superior","status":"publish","type":"page","link":"https:\/\/capitalconcept.london\/es\/educacion-superior\/","title":{"rendered":"Educaci\u00f3n Superior"},"content":{"rendered":"\t\t<div data-elementor-type=\"wp-page\" data-elementor-id=\"1765\" class=\"elementor elementor-1765\">\n\t\t\t\t\t\t<section class=\"elementor-section elementor-top-section elementor-element elementor-element-661da1b elementor-section-height-full elementor-section-stretched header-section h80 elementor-section-boxed elementor-section-height-default elementor-section-items-middle\" data-id=\"661da1b\" data-element_type=\"section\" data-settings=\"{&quot;stretch_section&quot;:&quot;section-stretched&quot;,&quot;background_background&quot;:&quot;classic&quot;}\">\n\t\t\t\t\t\t<div class=\"elementor-container elementor-column-gap-default\">\n\t\t\t\t\t<div class=\"elementor-column elementor-col-100 elementor-top-column elementor-element elementor-element-99d82d7\" data-id=\"99d82d7\" data-element_type=\"column\">\n\t\t\t<div class=\"elementor-widget-wrap elementor-element-populated\">\n\t\t\t\t\t\t<div class=\"elementor-element elementor-element-6a88712 elementor-widget elementor-widget-heading\" data-id=\"6a88712\" data-element_type=\"widget\" data-widget_type=\"heading.default\">\n\t\t\t\t<div class=\"elementor-widget-container\">\n\t\t\t\t\t<h2 class=\"elementor-heading-title elementor-size-default\">Educaci\u00f3n Superior<\/h2>\t\t\t\t<\/div>\n\t\t\t\t<\/div>\n\t\t\t\t<div class=\"elementor-element elementor-element-2dae49b elementor-widget elementor-widget-heading\" data-id=\"2dae49b\" data-element_type=\"widget\" data-widget_type=\"heading.default\">\n\t\t\t\t<div class=\"elementor-widget-container\">\n\t\t\t\t\t<h3 class=\"elementor-heading-title elementor-size-default\">Capital Concept London tambi\u00e9n se especializa en la educaci\u00f3n universitaria, <br>proporcionando asesoramiento y asistencia a estudiantes que aspiran a ingresar en <br>centros de ense\u00f1anza superior en el Reino Unido, Europa, Estados Unidos y Canad\u00e1.<\/h3>\t\t\t\t<\/div>\n\t\t\t\t<\/div>\n\t\t\t\t\t<\/div>\n\t\t<\/div>\n\t\t\t\t\t<\/div>\n\t\t<\/section>\n\t\t\t\t<section class=\"elementor-section elementor-top-section elementor-element elementor-element-ca80c04 section-padding elementor-section-boxed elementor-section-height-default elementor-section-height-default\" data-id=\"ca80c04\" data-element_type=\"section\">\n\t\t\t\t\t\t<div class=\"elementor-container elementor-column-gap-default\">\n\t\t\t\t\t<div class=\"elementor-column elementor-col-100 elementor-top-column elementor-element elementor-element-ffc9bce\" data-id=\"ffc9bce\" data-element_type=\"column\">\n\t\t\t<div class=\"elementor-widget-wrap elementor-element-populated\">\n\t\t\t\t\t\t<div class=\"elementor-element elementor-element-b3375d0 icon elementor-view-default elementor-widget elementor-widget-icon\" data-id=\"b3375d0\" data-element_type=\"widget\" data-widget_type=\"icon.default\">\n\t\t\t\t<div class=\"elementor-widget-container\">\n\t\t\t\t\t\t\t<div class=\"elementor-icon-wrapper\">\n\t\t\t<div class=\"elementor-icon\">\n\t\t\t<svg xmlns=\"http:\/\/www.w3.org\/2000\/svg\" width=\"23\" height=\"22\" viewBox=\"0 0 23 22\" fill=\"none\"><path d=\"M11.5 8L8.5 11L11.5 14L14.5 11L11.5 8Z\" fill=\"#721B1B\" stroke=\"#721B1B\"><\/path><path d=\"M11.5 15L8.5 18L11.5 21L14.5 18L11.5 15Z\" fill=\"#721B1B\" stroke=\"#721B1B\"><\/path><path d=\"M18.5 8L15.5 11L18.5 14L21.5 11L18.5 8Z\" fill=\"#721B1B\" stroke=\"#721B1B\"><\/path><path d=\"M4.5 8L1.5 11L4.5 14L7.5 11L4.5 8Z\" fill=\"#721B1B\" stroke=\"#721B1B\"><\/path><path d=\"M11.5 1L8.5 4L11.5 7L14.5 4L11.5 1Z\" fill=\"#721B1B\" stroke=\"#721B1B\"><\/path><\/svg>\t\t\t<\/div>\n\t\t<\/div>\n\t\t\t\t\t\t<\/div>\n\t\t\t\t<\/div>\n\t\t\t\t<div class=\"elementor-element elementor-element-e1a3f75 strong-color elementor-widget elementor-widget-heading\" data-id=\"e1a3f75\" data-element_type=\"widget\" data-widget_type=\"heading.default\">\n\t\t\t\t<div class=\"elementor-widget-container\">\n\t\t\t\t\t<p class=\"elementor-heading-title elementor-size-default\">Con una extensa experiencia y conocimientos en el \u00e1rea, ofrecemos una amplia gama de <br>servicios de apoyo para optar a las universidades m\u00e1s prestigiosas del mundo, entre las que <br>se incluyen Oxford, Cambridge y la Ivy League.\n<\/p>\t\t\t\t<\/div>\n\t\t\t\t<\/div>\n\t\t\t\t\t<\/div>\n\t\t<\/div>\n\t\t\t\t\t<\/div>\n\t\t<\/section>\n\t\t\t\t<section class=\"elementor-section elementor-top-section elementor-element elementor-element-9384554 bg-color-1 section-padding elementor-section-boxed elementor-section-height-default elementor-section-height-default\" data-id=\"9384554\" data-element_type=\"section\">\n\t\t\t\t\t\t<div class=\"elementor-container elementor-column-gap-default\">\n\t\t\t\t\t<div class=\"elementor-column elementor-col-100 elementor-top-column elementor-element elementor-element-efee115\" data-id=\"efee115\" data-element_type=\"column\">\n\t\t\t<div class=\"elementor-widget-wrap elementor-element-populated\">\n\t\t\t\t\t\t<div class=\"elementor-element elementor-element-a9cde3a icon elementor-view-default elementor-widget elementor-widget-icon\" data-id=\"a9cde3a\" data-element_type=\"widget\" data-widget_type=\"icon.default\">\n\t\t\t\t<div class=\"elementor-widget-container\">\n\t\t\t\t\t\t\t<div class=\"elementor-icon-wrapper\">\n\t\t\t<div class=\"elementor-icon\">\n\t\t\t<svg xmlns=\"http:\/\/www.w3.org\/2000\/svg\" width=\"23\" height=\"22\" viewBox=\"0 0 23 22\" fill=\"none\"><path d=\"M11.5 8L8.5 11L11.5 14L14.5 11L11.5 8Z\" fill=\"#721B1B\" stroke=\"#721B1B\"><\/path><path d=\"M11.5 15L8.5 18L11.5 21L14.5 18L11.5 15Z\" fill=\"#721B1B\" stroke=\"#721B1B\"><\/path><path d=\"M18.5 8L15.5 11L18.5 14L21.5 11L18.5 8Z\" fill=\"#721B1B\" stroke=\"#721B1B\"><\/path><path d=\"M4.5 8L1.5 11L4.5 14L7.5 11L4.5 8Z\" fill=\"#721B1B\" stroke=\"#721B1B\"><\/path><path d=\"M11.5 1L8.5 4L11.5 7L14.5 4L11.5 1Z\" fill=\"#721B1B\" stroke=\"#721B1B\"><\/path><\/svg>\t\t\t<\/div>\n\t\t<\/div>\n\t\t\t\t\t\t<\/div>\n\t\t\t\t<\/div>\n\t\t\t\t<div class=\"elementor-element elementor-element-3ba61cf elementor-widget elementor-widget-heading\" data-id=\"3ba61cf\" data-element_type=\"widget\" data-widget_type=\"heading.default\">\n\t\t\t\t<div class=\"elementor-widget-container\">\n\t\t\t\t\t<h2 class=\"elementor-heading-title elementor-size-default\">Te ayudaremos a:<\/h2>\t\t\t\t<\/div>\n\t\t\t\t<\/div>\n\t\t\t\t<section class=\"elementor-section elementor-inner-section elementor-element elementor-element-41acbba elementor-section-boxed elementor-section-height-default elementor-section-height-default\" data-id=\"41acbba\" data-element_type=\"section\">\n\t\t\t\t\t\t<div class=\"elementor-container elementor-column-gap-default\">\n\t\t\t\t\t<div class=\"elementor-column elementor-col-50 elementor-inner-column elementor-element elementor-element-ad281fa left-section\" data-id=\"ad281fa\" data-element_type=\"column\">\n\t\t\t<div class=\"elementor-widget-wrap elementor-element-populated\">\n\t\t\t\t\t\t<div class=\"elementor-element elementor-element-2e9f018 elementor-widget elementor-widget-check-visual\" data-id=\"2e9f018\" data-element_type=\"widget\" data-widget_type=\"check-visual.default\">\n\t\t\t\t<div class=\"elementor-widget-container\">\n\t\t\t\t\t<div class=\"check-visual\"><ul>\n \t<li>Elegir tu especialidad, teniendo en cuenta tus conocimientos e intereses<\/li>\n \t<li>Fijar un objetivo acad\u00e9mico y elegir el tipo de formaci\u00f3n adecuada (licenciatura, m\u00e1ster, MBA, doctorado, etc.)<\/li>\n \t<li>Seleccionar tu destino de estudios<\/li>\n \t<li>Seleccionar una instituci\u00f3n de ense\u00f1anza superior de acuerdo a tus objetivos y preferencias (colegio, universidad, escuela de negocios)<\/li>\n \t<li>Preparaci\u00f3n en los ex\u00e1menes de acceso, como SAT, GMAT, TSA, etc.<\/li>\n<\/ul><\/div>\t\t\t\t<\/div>\n\t\t\t\t<\/div>\n\t\t\t\t\t<\/div>\n\t\t<\/div>\n\t\t\t\t<div class=\"elementor-column elementor-col-50 elementor-inner-column elementor-element elementor-element-2807d75 right-section\" data-id=\"2807d75\" data-element_type=\"column\">\n\t\t\t<div class=\"elementor-widget-wrap elementor-element-populated\">\n\t\t\t\t\t\t<div class=\"elementor-element elementor-element-ba23117 hidden-list elementor-widget elementor-widget-check-visual\" data-id=\"ba23117\" data-element_type=\"widget\" data-widget_type=\"check-visual.default\">\n\t\t\t\t<div class=\"elementor-widget-container\">\n\t\t\t\t\t<div class=\"check-visual\"><ul>\n \t<li>Redactar una presentaci\u00f3n personal atractiva y de calidad para tu aplicaci\u00f3n<\/li>\n \t<li>Presentar la aplicaci\u00f3n<\/li>\n \t<li>Solicitar financiaci\u00f3n<\/li>\n \t<li>Completar y archivar correctamente todos los documentos<\/li>\n \t<li>Seleccionar alojamiento<\/li>\n<\/ul><\/div>\t\t\t\t<\/div>\n\t\t\t\t<\/div>\n\t\t\t\t<div class=\"elementor-element elementor-element-774d65c btn-default lora btn-click elementor-widget elementor-widget-button\" data-id=\"774d65c\" data-element_type=\"widget\" data-widget_type=\"button.default\">\n\t\t\t\t<div class=\"elementor-widget-container\">\n\t\t\t\t\t\t\t\t\t<div class=\"elementor-button-wrapper\">\n\t\t\t\t\t<a class=\"elementor-button elementor-button-link elementor-size-sm\" href=\"#\">\n\t\t\t\t\t\t<span class=\"elementor-button-content-wrapper\">\n\t\t\t\t\t\t\t\t\t<span class=\"elementor-button-text\">See more<\/span>\n\t\t\t\t\t<\/span>\n\t\t\t\t\t<\/a>\n\t\t\t\t<\/div>\n\t\t\t\t\t\t\t\t<\/div>\n\t\t\t\t<\/div>\n\t\t\t\t\t<\/div>\n\t\t<\/div>\n\t\t\t\t\t<\/div>\n\t\t<\/section>\n\t\t\t\t\t<\/div>\n\t\t<\/div>\n\t\t\t\t\t<\/div>\n\t\t<\/section>\n\t\t\t\t<section class=\"elementor-section elementor-top-section elementor-element elementor-element-d0d1590 elementor-section-height-min-height header-section header-section-second higher-woman-bg elementor-section-boxed elementor-section-height-default elementor-section-items-middle\" data-id=\"d0d1590\" data-element_type=\"section\" data-settings=\"{&quot;background_background&quot;:&quot;classic&quot;}\">\n\t\t\t\t\t\t<div class=\"elementor-container elementor-column-gap-default\">\n\t\t\t\t\t<div class=\"elementor-column elementor-col-100 elementor-top-column elementor-element elementor-element-e827297\" data-id=\"e827297\" data-element_type=\"column\">\n\t\t\t<div class=\"elementor-widget-wrap elementor-element-populated\">\n\t\t\t\t\t\t<div class=\"elementor-element elementor-element-d063b1d icon elementor-view-default elementor-widget elementor-widget-icon\" data-id=\"d063b1d\" data-element_type=\"widget\" data-widget_type=\"icon.default\">\n\t\t\t\t<div class=\"elementor-widget-container\">\n\t\t\t\t\t\t\t<div class=\"elementor-icon-wrapper\">\n\t\t\t<div class=\"elementor-icon\">\n\t\t\t<svg xmlns=\"http:\/\/www.w3.org\/2000\/svg\" width=\"23\" height=\"22\" viewBox=\"0 0 23 22\" fill=\"none\"><path d=\"M11.5 8L8.5 11L11.5 14L14.5 11L11.5 8Z\" fill=\"white\" stroke=\"white\"><\/path><path d=\"M11.5 15L8.5 18L11.5 21L14.5 18L11.5 15Z\" fill=\"white\" stroke=\"white\"><\/path><path d=\"M18.5 8L15.5 11L18.5 14L21.5 11L18.5 8Z\" fill=\"white\" stroke=\"white\"><\/path><path d=\"M4.5 8L1.5 11L4.5 14L7.5 11L4.5 8Z\" fill=\"white\" stroke=\"white\"><\/path><path d=\"M11.5 1L8.5 4L11.5 7L14.5 4L11.5 1Z\" fill=\"white\" stroke=\"white\"><\/path><\/svg>\t\t\t<\/div>\n\t\t<\/div>\n\t\t\t\t\t\t<\/div>\n\t\t\t\t<\/div>\n\t\t\t\t<div class=\"elementor-element elementor-element-a8024d2 second-h2 elementor-widget elementor-widget-heading\" data-id=\"a8024d2\" data-element_type=\"widget\" data-widget_type=\"heading.default\">\n\t\t\t\t<div class=\"elementor-widget-container\">\n\t\t\t\t\t<h2 class=\"elementor-heading-title elementor-size-default\">Nuestros especialistas ofrecen un servicio flexible y un apoyo completo en todas las etapas del proceso de aplicaci\u00f3n.<\/h2>\t\t\t\t<\/div>\n\t\t\t\t<\/div>\n\t\t\t\t\t<\/div>\n\t\t<\/div>\n\t\t\t\t\t<\/div>\n\t\t<\/section>\n\t\t\t\t<section class=\"elementor-section elementor-top-section elementor-element elementor-element-2d4a61a section-padding bg-color-1 elementor-section-boxed elementor-section-height-default elementor-section-height-default\" data-id=\"2d4a61a\" data-element_type=\"section\">\n\t\t\t\t\t\t<div class=\"elementor-container elementor-column-gap-default\">\n\t\t\t\t\t<div class=\"elementor-column elementor-col-100 elementor-top-column elementor-element elementor-element-44141e5\" data-id=\"44141e5\" data-element_type=\"column\">\n\t\t\t<div class=\"elementor-widget-wrap elementor-element-populated\">\n\t\t\t\t\t\t<div class=\"elementor-element elementor-element-d6c8b17 icon elementor-view-default elementor-widget elementor-widget-icon\" data-id=\"d6c8b17\" data-element_type=\"widget\" data-widget_type=\"icon.default\">\n\t\t\t\t<div class=\"elementor-widget-container\">\n\t\t\t\t\t\t\t<div class=\"elementor-icon-wrapper\">\n\t\t\t<div class=\"elementor-icon\">\n\t\t\t<svg xmlns=\"http:\/\/www.w3.org\/2000\/svg\" width=\"23\" height=\"22\" viewBox=\"0 0 23 22\" fill=\"none\"><path d=\"M11.5 8L8.5 11L11.5 14L14.5 11L11.5 8Z\" fill=\"#721B1B\" stroke=\"#721B1B\"><\/path><path d=\"M11.5 15L8.5 18L11.5 21L14.5 18L11.5 15Z\" fill=\"#721B1B\" stroke=\"#721B1B\"><\/path><path d=\"M18.5 8L15.5 11L18.5 14L21.5 11L18.5 8Z\" fill=\"#721B1B\" stroke=\"#721B1B\"><\/path><path d=\"M4.5 8L1.5 11L4.5 14L7.5 11L4.5 8Z\" fill=\"#721B1B\" stroke=\"#721B1B\"><\/path><path d=\"M11.5 1L8.5 4L11.5 7L14.5 4L11.5 1Z\" fill=\"#721B1B\" stroke=\"#721B1B\"><\/path><\/svg>\t\t\t<\/div>\n\t\t<\/div>\n\t\t\t\t\t\t<\/div>\n\t\t\t\t<\/div>\n\t\t\t\t<div class=\"elementor-element elementor-element-9f80de1 elementor-widget elementor-widget-heading\" data-id=\"9f80de1\" data-element_type=\"widget\" data-widget_type=\"heading.default\">\n\t\t\t\t<div class=\"elementor-widget-container\">\n\t\t\t\t\t<h2 class=\"elementor-heading-title elementor-size-default\">\u00bfQu\u00e9 incluye este servicio?<\/h2>\t\t\t\t<\/div>\n\t\t\t\t<\/div>\n\t\t\t\t<div class=\"elementor-element elementor-element-bf84abe elementor-widget elementor-widget-steps-visual\" data-id=\"bf84abe\" data-element_type=\"widget\" data-widget_type=\"steps-visual.default\">\n\t\t\t\t<div class=\"elementor-widget-container\">\n\t\t\t\t\t<div class=\"steps-visual\"><ol>\n \t<li>Asesoramiento inicial con una perspectiva general del sistema educativo, en la que se asesora sobre las distintas instituciones de educaci\u00f3n superior.<\/li>\n \t<li>Una selecci\u00f3n de las universidades y carreras m\u00e1s apropiadas seg\u00fan sus preferencias y necesidades.<\/li>\n \t<li>Un esquema del proceso de admisi\u00f3n y un plan de preparaci\u00f3n personalizado para lograr la una admisi\u00f3n exitosa, incluyendo la selecci\u00f3n de los mejores tutores privados para la preparaci\u00f3n de ex\u00e1menes y entrevistas.<\/li>\n \t<li>Apoyo durante la aplicaci\u00f3n.<\/li>\n \t<li>Asistencia en la documentaci\u00f3n y procesos administrativos.<\/li>\n<\/ol><\/div>\t\t\t\t<\/div>\n\t\t\t\t<\/div>\n\t\t\t\t\t<\/div>\n\t\t<\/div>\n\t\t\t\t\t<\/div>\n\t\t<\/section>\n\t\t\t\t<section class=\"elementor-section elementor-top-section elementor-element elementor-element-2f6b1f1 section-padding elementor-section-boxed elementor-section-height-default elementor-section-height-default\" data-id=\"2f6b1f1\" data-element_type=\"section\">\n\t\t\t\t\t\t<div class=\"elementor-container elementor-column-gap-default\">\n\t\t\t\t\t<div class=\"elementor-column elementor-col-100 elementor-top-column elementor-element elementor-element-b0f18b0\" data-id=\"b0f18b0\" data-element_type=\"column\">\n\t\t\t<div class=\"elementor-widget-wrap elementor-element-populated\">\n\t\t\t\t\t\t<div class=\"elementor-element elementor-element-6da03de icon elementor-view-default elementor-widget elementor-widget-icon\" data-id=\"6da03de\" data-element_type=\"widget\" data-widget_type=\"icon.default\">\n\t\t\t\t<div class=\"elementor-widget-container\">\n\t\t\t\t\t\t\t<div class=\"elementor-icon-wrapper\">\n\t\t\t<div class=\"elementor-icon\">\n\t\t\t<svg xmlns=\"http:\/\/www.w3.org\/2000\/svg\" width=\"23\" height=\"22\" viewBox=\"0 0 23 22\" fill=\"none\"><path d=\"M11.5 8L8.5 11L11.5 14L14.5 11L11.5 8Z\" fill=\"#721B1B\" stroke=\"#721B1B\"><\/path><path d=\"M11.5 15L8.5 18L11.5 21L14.5 18L11.5 15Z\" fill=\"#721B1B\" stroke=\"#721B1B\"><\/path><path d=\"M18.5 8L15.5 11L18.5 14L21.5 11L18.5 8Z\" fill=\"#721B1B\" stroke=\"#721B1B\"><\/path><path d=\"M4.5 8L1.5 11L4.5 14L7.5 11L4.5 8Z\" fill=\"#721B1B\" stroke=\"#721B1B\"><\/path><path d=\"M11.5 1L8.5 4L11.5 7L14.5 4L11.5 1Z\" fill=\"#721B1B\" stroke=\"#721B1B\"><\/path><\/svg>\t\t\t<\/div>\n\t\t<\/div>\n\t\t\t\t\t\t<\/div>\n\t\t\t\t<\/div>\n\t\t\t\t<div class=\"elementor-element elementor-element-d2503e1 elementor-widget elementor-widget-heading\" data-id=\"d2503e1\" data-element_type=\"widget\" data-widget_type=\"heading.default\">\n\t\t\t\t<div class=\"elementor-widget-container\">\n\t\t\t\t\t<h4 class=\"elementor-heading-title elementor-size-default\">Ofrecemos una atenci\u00f3n de alta calidad, un enfoque personal, eficiencia y <br>confidencialidad.<br><br>  Ayudamos a nuestros estudiantes a integrarse en su nuevo entorno y los <br>apoyamos acad\u00e9micamente.<br><br>   P\u00f3ngase en contacto con nosotros para obtener m\u00e1s informaci\u00f3n sobre <br>nuestros servicios.<\/h4>\t\t\t\t<\/div>\n\t\t\t\t<\/div>\n\t\t\t\t<div class=\"elementor-element elementor-element-b449961 elementor-widget elementor-widget-spacer\" data-id=\"b449961\" data-element_type=\"widget\" data-widget_type=\"spacer.default\">\n\t\t\t\t<div class=\"elementor-widget-container\">\n\t\t\t\t\t\t\t<div class=\"elementor-spacer\">\n\t\t\t<div class=\"elementor-spacer-inner\"><\/div>\n\t\t<\/div>\n\t\t\t\t\t\t<\/div>\n\t\t\t\t<\/div>\n\t\t\t\t<div class=\"elementor-element elementor-element-b3498fa elementor-align-center btn-default lora booking-form elementor-widget elementor-widget-button\" data-id=\"b3498fa\" data-element_type=\"widget\" data-widget_type=\"button.default\">\n\t\t\t\t<div class=\"elementor-widget-container\">\n\t\t\t\t\t\t\t\t\t<div class=\"elementor-button-wrapper\">\n\t\t\t\t\t<a class=\"elementor-button elementor-button-link elementor-size-sm\" href=\"#\">\n\t\t\t\t\t\t<span class=\"elementor-button-content-wrapper\">\n\t\t\t\t\t\t\t\t\t<span class=\"elementor-button-text\">Agenda tu asesoria gratis<\/span>\n\t\t\t\t\t<\/span>\n\t\t\t\t\t<\/a>\n\t\t\t\t<\/div>\n\t\t\t\t\t\t\t\t<\/div>\n\t\t\t\t<\/div>\n\t\t\t\t\t<\/div>\n\t\t<\/div>\n\t\t\t\t\t<\/div>\n\t\t<\/section>\n\t\t\t\t<\/div>\n\t\t","protected":false},"excerpt":{"rendered":"<p>Educaci\u00f3n Superior Capital Concept London tambi\u00e9n se especializa en la educaci\u00f3n universitaria, proporcionando asesoramiento y asistencia a estudiantes que aspiran a ingresar en centros de ense\u00f1anza superior en el Reino Unido, Europa, Estados Unidos y Canad\u00e1. Con una extensa experiencia y conocimientos en el \u00e1rea, ofrecemos una amplia gama de servicios de apoyo para optar [&hellip;]<\/p>\n","protected":false},"author":3,"featured_media":0,"parent":0,"menu_order":0,"comment_status":"closed","ping_status":"closed","template":"elementor_header_footer","meta":{"footnotes":""},"class_list":["post-1765","page","type-page","status-publish","hentry"],"acf":[],"yoast_head":"<!-- This site is optimized with the Yoast SEO plugin v26.5 - https:\/\/yoast.com\/wordpress\/plugins\/seo\/ -->\n<title>Educaci\u00f3n Superior - C\u0430pital Concept London<\/title>\n<meta name=\"robots\" content=\"index, follow, max-snippet:-1, max-image-preview:large, max-video-preview:-1\" \/>\n<link rel=\"canonical\" href=\"http:\/\/capitalconcept.london\/es\/educacion-superior\/\" \/>\n<meta property=\"og:locale\" content=\"es_ES\" \/>\n<meta property=\"og:type\" content=\"article\" \/>\n<meta property=\"og:title\" content=\"Educaci\u00f3n Superior - C\u0430pital Concept London\" \/>\n<meta property=\"og:description\" content=\"Educaci\u00f3n Superior Capital Concept London tambi\u00e9n se especializa en la educaci\u00f3n universitaria, proporcionando asesoramiento y asistencia a estudiantes que aspiran a ingresar en centros de ense\u00f1anza superior en el Reino Unido, Europa, Estados Unidos y Canad\u00e1. Con una extensa experiencia y conocimientos en el \u00e1rea, ofrecemos una amplia gama de servicios de apoyo para optar [&hellip;]\" \/>\n<meta property=\"og:url\" content=\"http:\/\/capitalconcept.london\/es\/educacion-superior\/\" \/>\n<meta property=\"og:site_name\" content=\"C\u0430pital Concept London\" \/>\n<meta property=\"article:modified_time\" content=\"2023-06-23T08:43:52+00:00\" \/>\n<meta name=\"twitter:card\" content=\"summary_large_image\" \/>\n<meta name=\"twitter:label1\" content=\"Tiempo de lectura\" \/>\n\t<meta name=\"twitter:data1\" content=\"2 minutos\" \/>\n<script type=\"application\/ld+json\" class=\"yoast-schema-graph\">{\"@context\":\"https:\/\/schema.org\",\"@graph\":[{\"@type\":\"WebPage\",\"@id\":\"http:\/\/capitalconcept.london\/es\/educacion-superior\/\",\"url\":\"http:\/\/capitalconcept.london\/es\/educacion-superior\/\",\"name\":\"Educaci\u00f3n Superior - C\u0430pital Concept London\",\"isPartOf\":{\"@id\":\"http:\/\/capitalconcept.london\/#website\"},\"datePublished\":\"2023-06-21T18:32:57+00:00\",\"dateModified\":\"2023-06-23T08:43:52+00:00\",\"breadcrumb\":{\"@id\":\"http:\/\/capitalconcept.london\/es\/educacion-superior\/#breadcrumb\"},\"inLanguage\":\"es\",\"potentialAction\":[{\"@type\":\"ReadAction\",\"target\":[\"http:\/\/capitalconcept.london\/es\/educacion-superior\/\"]}]},{\"@type\":\"BreadcrumbList\",\"@id\":\"http:\/\/capitalconcept.london\/es\/educacion-superior\/#breadcrumb\",\"itemListElement\":[{\"@type\":\"ListItem\",\"position\":1,\"name\":\"\u0413\u043b\u0430\u0432\u043d\u0430\u044f \u0441\u0442\u0440\u0430\u043d\u0438\u0446\u0430\",\"item\":\"http:\/\/capitalconcept.london\/es\/\"},{\"@type\":\"ListItem\",\"position\":2,\"name\":\"Educaci\u00f3n Superior\"}]},{\"@type\":\"WebSite\",\"@id\":\"http:\/\/capitalconcept.london\/#website\",\"url\":\"http:\/\/capitalconcept.london\/\",\"name\":\"C\u0430pital Concept London\",\"description\":\"Experts in the World of International Education\",\"publisher\":{\"@id\":\"http:\/\/capitalconcept.london\/#organization\"},\"potentialAction\":[{\"@type\":\"SearchAction\",\"target\":{\"@type\":\"EntryPoint\",\"urlTemplate\":\"http:\/\/capitalconcept.london\/?s={search_term_string}\"},\"query-input\":{\"@type\":\"PropertyValueSpecification\",\"valueRequired\":true,\"valueName\":\"search_term_string\"}}],\"inLanguage\":\"es\"},{\"@type\":\"Organization\",\"@id\":\"http:\/\/capitalconcept.london\/#organization\",\"name\":\"C\u0430pital Concept London\",\"url\":\"http:\/\/capitalconcept.london\/\",\"logo\":{\"@type\":\"ImageObject\",\"inLanguage\":\"es\",\"@id\":\"http:\/\/capitalconcept.london\/#\/schema\/logo\/image\/\",\"url\":\"https:\/\/capitalconcept.london\/wp-content\/uploads\/2022\/01\/whatsapp-image-2021-12-04-at-17.50.png\",\"contentUrl\":\"https:\/\/capitalconcept.london\/wp-content\/uploads\/2022\/01\/whatsapp-image-2021-12-04-at-17.50.png\",\"width\":300,\"height\":300,\"caption\":\"C\u0430pital Concept London\"},\"image\":{\"@id\":\"http:\/\/capitalconcept.london\/#\/schema\/logo\/image\/\"}}]}<\/script>\n<!-- \/ Yoast SEO plugin. -->","yoast_head_json":{"title":"Educaci\u00f3n Superior - C\u0430pital Concept London","robots":{"index":"index","follow":"follow","max-snippet":"max-snippet:-1","max-image-preview":"max-image-preview:large","max-video-preview":"max-video-preview:-1"},"canonical":"http:\/\/capitalconcept.london\/es\/educacion-superior\/","og_locale":"es_ES","og_type":"article","og_title":"Educaci\u00f3n Superior - C\u0430pital Concept London","og_description":"Educaci\u00f3n Superior Capital Concept London tambi\u00e9n se especializa en la educaci\u00f3n universitaria, proporcionando asesoramiento y asistencia a estudiantes que aspiran a ingresar en centros de ense\u00f1anza superior en el Reino Unido, Europa, Estados Unidos y Canad\u00e1. Con una extensa experiencia y conocimientos en el \u00e1rea, ofrecemos una amplia gama de servicios de apoyo para optar [&hellip;]","og_url":"http:\/\/capitalconcept.london\/es\/educacion-superior\/","og_site_name":"C\u0430pital Concept London","article_modified_time":"2023-06-23T08:43:52+00:00","twitter_card":"summary_large_image","twitter_misc":{"Tiempo de lectura":"2 minutos"},"schema":{"@context":"https:\/\/schema.org","@graph":[{"@type":"WebPage","@id":"http:\/\/capitalconcept.london\/es\/educacion-superior\/","url":"http:\/\/capitalconcept.london\/es\/educacion-superior\/","name":"Educaci\u00f3n Superior - C\u0430pital Concept London","isPartOf":{"@id":"http:\/\/capitalconcept.london\/#website"},"datePublished":"2023-06-21T18:32:57+00:00","dateModified":"2023-06-23T08:43:52+00:00","breadcrumb":{"@id":"http:\/\/capitalconcept.london\/es\/educacion-superior\/#breadcrumb"},"inLanguage":"es","potentialAction":[{"@type":"ReadAction","target":["http:\/\/capitalconcept.london\/es\/educacion-superior\/"]}]},{"@type":"BreadcrumbList","@id":"http:\/\/capitalconcept.london\/es\/educacion-superior\/#breadcrumb","itemListElement":[{"@type":"ListItem","position":1,"name":"\u0413\u043b\u0430\u0432\u043d\u0430\u044f \u0441\u0442\u0440\u0430\u043d\u0438\u0446\u0430","item":"http:\/\/capitalconcept.london\/es\/"},{"@type":"ListItem","position":2,"name":"Educaci\u00f3n Superior"}]},{"@type":"WebSite","@id":"http:\/\/capitalconcept.london\/#website","url":"http:\/\/capitalconcept.london\/","name":"C\u0430pital Concept London","description":"Experts in the World of International Education","publisher":{"@id":"http:\/\/capitalconcept.london\/#organization"},"potentialAction":[{"@type":"SearchAction","target":{"@type":"EntryPoint","urlTemplate":"http:\/\/capitalconcept.london\/?s={search_term_string}"},"query-input":{"@type":"PropertyValueSpecification","valueRequired":true,"valueName":"search_term_string"}}],"inLanguage":"es"},{"@type":"Organization","@id":"http:\/\/capitalconcept.london\/#organization","name":"C\u0430pital Concept London","url":"http:\/\/capitalconcept.london\/","logo":{"@type":"ImageObject","inLanguage":"es","@id":"http:\/\/capitalconcept.london\/#\/schema\/logo\/image\/","url":"https:\/\/capitalconcept.london\/wp-content\/uploads\/2022\/01\/whatsapp-image-2021-12-04-at-17.50.png","contentUrl":"https:\/\/capitalconcept.london\/wp-content\/uploads\/2022\/01\/whatsapp-image-2021-12-04-at-17.50.png","width":300,"height":300,"caption":"C\u0430pital Concept London"},"image":{"@id":"http:\/\/capitalconcept.london\/#\/schema\/logo\/image\/"}}]}},"_links":{"self":[{"href":"https:\/\/capitalconcept.london\/es\/wp-json\/wp\/v2\/pages\/1765","targetHints":{"allow":["GET"]}}],"collection":[{"href":"https:\/\/capitalconcept.london\/es\/wp-json\/wp\/v2\/pages"}],"about":[{"href":"https:\/\/capitalconcept.london\/es\/wp-json\/wp\/v2\/types\/page"}],"author":[{"embeddable":true,"href":"https:\/\/capitalconcept.london\/es\/wp-json\/wp\/v2\/users\/3"}],"replies":[{"embeddable":true,"href":"https:\/\/capitalconcept.london\/es\/wp-json\/wp\/v2\/comments?post=1765"}],"version-history":[{"count":15,"href":"https:\/\/capitalconcept.london\/es\/wp-json\/wp\/v2\/pages\/1765\/revisions"}],"predecessor-version":[{"id":1848,"href":"https:\/\/capitalconcept.london\/es\/wp-json\/wp\/v2\/pages\/1765\/revisions\/1848"}],"wp:attachment":[{"href":"https:\/\/capitalconcept.london\/es\/wp-json\/wp\/v2\/media?parent=1765"}],"curies":[{"name":"wp","href":"https:\/\/api.w.org\/{rel}","templated":true}]}}