{"id":1755,"date":"2023-06-21T21:23:07","date_gmt":"2023-06-21T18:23:07","guid":{"rendered":"https:\/\/capitalconcept.london\/?page_id=1755"},"modified":"2023-06-23T11:56:12","modified_gmt":"2023-06-23T08:56:12","slug":"colegios-internacionales","status":"publish","type":"page","link":"https:\/\/capitalconcept.london\/es\/colegios-internacionales\/","title":{"rendered":"Colegios Internacionales"},"content":{"rendered":"\t\t<div data-elementor-type=\"wp-page\" data-elementor-id=\"1755\" class=\"elementor elementor-1755\">\n\t\t\t\t\t\t<section class=\"elementor-section elementor-top-section elementor-element elementor-element-08fd18c elementor-section-height-full elementor-section-stretched header-section h80 school-placement-bg-1 elementor-section-boxed elementor-section-height-default elementor-section-items-middle\" data-id=\"08fd18c\" data-element_type=\"section\" data-settings=\"{&quot;stretch_section&quot;:&quot;section-stretched&quot;,&quot;background_background&quot;:&quot;classic&quot;}\">\n\t\t\t\t\t\t<div class=\"elementor-container elementor-column-gap-default\">\n\t\t\t\t\t<div class=\"elementor-column elementor-col-100 elementor-top-column elementor-element elementor-element-44c2cfa\" data-id=\"44c2cfa\" data-element_type=\"column\">\n\t\t\t<div class=\"elementor-widget-wrap elementor-element-populated\">\n\t\t\t\t\t\t<div class=\"elementor-element elementor-element-c23b1f0 elementor-widget elementor-widget-heading\" data-id=\"c23b1f0\" data-element_type=\"widget\" data-widget_type=\"heading.default\">\n\t\t\t\t<div class=\"elementor-widget-container\">\n\t\t\t\t\t<h2 class=\"elementor-heading-title elementor-size-default\">\u00bfEn b\u00fasqueda de un colegio en el extranjero?<\/h2>\t\t\t\t<\/div>\n\t\t\t\t<\/div>\n\t\t\t\t<div class=\"elementor-element elementor-element-b9e734f elementor-widget elementor-widget-heading\" data-id=\"b9e734f\" data-element_type=\"widget\" data-widget_type=\"heading.default\">\n\t\t\t\t<div class=\"elementor-widget-container\">\n\t\t\t\t\t<h3 class=\"elementor-heading-title elementor-size-default\">Estamos especializados en ayudarte a encontrar el mejor colegio ya sea en el Reino Unido, <br>Europa, Irlanda, Estados Unidos o Canad\u00e1.<\/h3>\t\t\t\t<\/div>\n\t\t\t\t<\/div>\n\t\t\t\t\t<\/div>\n\t\t<\/div>\n\t\t\t\t\t<\/div>\n\t\t<\/section>\n\t\t\t\t<section class=\"elementor-section elementor-top-section elementor-element elementor-element-379422d section-padding elementor-section-boxed elementor-section-height-default elementor-section-height-default\" data-id=\"379422d\" data-element_type=\"section\">\n\t\t\t\t\t\t<div class=\"elementor-container elementor-column-gap-default\">\n\t\t\t\t\t<div class=\"elementor-column elementor-col-100 elementor-top-column elementor-element elementor-element-37987b3\" data-id=\"37987b3\" data-element_type=\"column\">\n\t\t\t<div class=\"elementor-widget-wrap elementor-element-populated\">\n\t\t\t\t\t\t<div class=\"elementor-element elementor-element-f1c54f7 icon elementor-view-default elementor-widget elementor-widget-icon\" data-id=\"f1c54f7\" data-element_type=\"widget\" data-widget_type=\"icon.default\">\n\t\t\t\t<div class=\"elementor-widget-container\">\n\t\t\t\t\t\t\t<div class=\"elementor-icon-wrapper\">\n\t\t\t<div class=\"elementor-icon\">\n\t\t\t<svg xmlns=\"http:\/\/www.w3.org\/2000\/svg\" width=\"23\" height=\"22\" viewBox=\"0 0 23 22\" fill=\"none\"><path d=\"M11.5 8L8.5 11L11.5 14L14.5 11L11.5 8Z\" fill=\"#721B1B\" stroke=\"#721B1B\"><\/path><path d=\"M11.5 15L8.5 18L11.5 21L14.5 18L11.5 15Z\" fill=\"#721B1B\" stroke=\"#721B1B\"><\/path><path d=\"M18.5 8L15.5 11L18.5 14L21.5 11L18.5 8Z\" fill=\"#721B1B\" stroke=\"#721B1B\"><\/path><path d=\"M4.5 8L1.5 11L4.5 14L7.5 11L4.5 8Z\" fill=\"#721B1B\" stroke=\"#721B1B\"><\/path><path d=\"M11.5 1L8.5 4L11.5 7L14.5 4L11.5 1Z\" fill=\"#721B1B\" stroke=\"#721B1B\"><\/path><\/svg>\t\t\t<\/div>\n\t\t<\/div>\n\t\t\t\t\t\t<\/div>\n\t\t\t\t<\/div>\n\t\t\t\t<div class=\"elementor-element elementor-element-f0aa56c strong-color elementor-widget elementor-widget-heading\" data-id=\"f0aa56c\" data-element_type=\"widget\" data-widget_type=\"heading.default\">\n\t\t\t\t<div class=\"elementor-widget-container\">\n\t\t\t\t\t<p class=\"elementor-heading-title elementor-size-default\">Elaboramos un plan de preparaci\u00f3n individualizado para conseguir una admisi\u00f3n exitosa en los m\u00e1s prestigiosos colegios privados, teniendo en cuenta preferencias, objetivos, <br>conocimientos acad\u00e9micos y personalidad de cada postulante.<br><br>En el Reino Unido, ofrecemos <strong>servicios de tutela acad\u00e9mica, <\/strong>que sirven de enlace entre <br>padres, colegios y estudiantes en lo que respecta al bienestar, progreso acad\u00e9mico, <br>alojamiento y tr\u00e1mites administrativos.<\/p>\t\t\t\t<\/div>\n\t\t\t\t<\/div>\n\t\t\t\t\t<\/div>\n\t\t<\/div>\n\t\t\t\t\t<\/div>\n\t\t<\/section>\n\t\t\t\t<section class=\"elementor-section elementor-top-section elementor-element elementor-element-f7d312b bg-color-1 section-padding elementor-section-boxed elementor-section-height-default elementor-section-height-default\" data-id=\"f7d312b\" data-element_type=\"section\">\n\t\t\t\t\t\t<div class=\"elementor-container elementor-column-gap-default\">\n\t\t\t\t\t<div class=\"elementor-column elementor-col-100 elementor-top-column elementor-element elementor-element-ecc594b\" data-id=\"ecc594b\" data-element_type=\"column\">\n\t\t\t<div class=\"elementor-widget-wrap elementor-element-populated\">\n\t\t\t\t\t\t<div class=\"elementor-element elementor-element-18e11ec icon elementor-view-default elementor-widget elementor-widget-icon\" data-id=\"18e11ec\" data-element_type=\"widget\" data-widget_type=\"icon.default\">\n\t\t\t\t<div class=\"elementor-widget-container\">\n\t\t\t\t\t\t\t<div class=\"elementor-icon-wrapper\">\n\t\t\t<div class=\"elementor-icon\">\n\t\t\t<svg xmlns=\"http:\/\/www.w3.org\/2000\/svg\" width=\"23\" height=\"22\" viewBox=\"0 0 23 22\" fill=\"none\"><path d=\"M11.5 8L8.5 11L11.5 14L14.5 11L11.5 8Z\" fill=\"#721B1B\" stroke=\"#721B1B\"><\/path><path d=\"M11.5 15L8.5 18L11.5 21L14.5 18L11.5 15Z\" fill=\"#721B1B\" stroke=\"#721B1B\"><\/path><path d=\"M18.5 8L15.5 11L18.5 14L21.5 11L18.5 8Z\" fill=\"#721B1B\" stroke=\"#721B1B\"><\/path><path d=\"M4.5 8L1.5 11L4.5 14L7.5 11L4.5 8Z\" fill=\"#721B1B\" stroke=\"#721B1B\"><\/path><path d=\"M11.5 1L8.5 4L11.5 7L14.5 4L11.5 1Z\" fill=\"#721B1B\" stroke=\"#721B1B\"><\/path><\/svg>\t\t\t<\/div>\n\t\t<\/div>\n\t\t\t\t\t\t<\/div>\n\t\t\t\t<\/div>\n\t\t\t\t<div class=\"elementor-element elementor-element-6d3e48c elementor-widget elementor-widget-heading\" data-id=\"6d3e48c\" data-element_type=\"widget\" data-widget_type=\"heading.default\">\n\t\t\t\t<div class=\"elementor-widget-container\">\n\t\t\t\t\t<h2 class=\"elementor-heading-title elementor-size-default\">\u00bfQu\u00e9 incluye este servicio?<\/h2>\t\t\t\t<\/div>\n\t\t\t\t<\/div>\n\t\t\t\t<div class=\"elementor-element elementor-element-4c814b4 elementor-widget elementor-widget-steps\" data-id=\"4c814b4\" data-element_type=\"widget\" data-widget_type=\"steps.default\">\n\t\t\t\t<div class=\"elementor-widget-container\">\n\t\t\t\t\t\r\n\t\t<ol class=\"list-steps\">\r\n\r\n\t\t\t\t\t\r\n      <li>Asesoramiento inicial con una perspectiva general del sistema educativo, en la que se <br>aconseja acerca de los medios de acceso m\u00e1s adecuados para su hijo\/a.<\/li>\r\n\r\n\t\t\t\t\t\t\r\n      <li>Una selecci\u00f3n de los mejores internados o colegios diurnos en funci\u00f3n de sus <br>necesidades y de los conocimientos acad\u00e9micos y la personalidad de su hijo.<\/li>\r\n\r\n\t\t\t\t\t\t\r\n      <li>Un esquema del proceso de admisi\u00f3n y un plan de preparaci\u00f3n personalizado para <br>lograr la una admisi\u00f3n exitosa, incluyendo la selecci\u00f3n de los mejores tutores <br>privados para la preparaci\u00f3n de ex\u00e1menes y entrevistas.<\/li>\r\n\r\n\t\t\t\t\t\t\r\n      <li>Recorrido personal por el colegio y presentaci\u00f3n a la oficina de admisiones y a los <br>directores de los colegios seleccionados.<\/li>\r\n\r\n\t\t\t\t\t\t\r\n      <li>Apoyo administrativo durante todo el proceso.<\/li>\r\n\r\n\t\t\t\r\n\t\t<\/ol>\r\n\r\n\t\t\r\n\t\t\t\t\t<\/div>\n\t\t\t\t<\/div>\n\t\t\t\t\t<\/div>\n\t\t<\/div>\n\t\t\t\t\t<\/div>\n\t\t<\/section>\n\t\t\t\t<section class=\"elementor-section elementor-top-section elementor-element elementor-element-3364663 section-padding elementor-section-boxed elementor-section-height-default elementor-section-height-default\" data-id=\"3364663\" data-element_type=\"section\">\n\t\t\t\t\t\t<div class=\"elementor-container elementor-column-gap-default\">\n\t\t\t\t\t<div class=\"elementor-column elementor-col-100 elementor-top-column elementor-element elementor-element-bbcbbb3\" data-id=\"bbcbbb3\" data-element_type=\"column\">\n\t\t\t<div class=\"elementor-widget-wrap elementor-element-populated\">\n\t\t\t\t\t\t<div class=\"elementor-element elementor-element-95dc650 icon elementor-view-default elementor-widget elementor-widget-icon\" data-id=\"95dc650\" data-element_type=\"widget\" data-widget_type=\"icon.default\">\n\t\t\t\t<div class=\"elementor-widget-container\">\n\t\t\t\t\t\t\t<div class=\"elementor-icon-wrapper\">\n\t\t\t<div class=\"elementor-icon\">\n\t\t\t<svg xmlns=\"http:\/\/www.w3.org\/2000\/svg\" width=\"23\" height=\"22\" viewBox=\"0 0 23 22\" fill=\"none\"><path d=\"M11.5 8L8.5 11L11.5 14L14.5 11L11.5 8Z\" fill=\"#721B1B\" stroke=\"#721B1B\"><\/path><path d=\"M11.5 15L8.5 18L11.5 21L14.5 18L11.5 15Z\" fill=\"#721B1B\" stroke=\"#721B1B\"><\/path><path d=\"M18.5 8L15.5 11L18.5 14L21.5 11L18.5 8Z\" fill=\"#721B1B\" stroke=\"#721B1B\"><\/path><path d=\"M4.5 8L1.5 11L4.5 14L7.5 11L4.5 8Z\" fill=\"#721B1B\" stroke=\"#721B1B\"><\/path><path d=\"M11.5 1L8.5 4L11.5 7L14.5 4L11.5 1Z\" fill=\"#721B1B\" stroke=\"#721B1B\"><\/path><\/svg>\t\t\t<\/div>\n\t\t<\/div>\n\t\t\t\t\t\t<\/div>\n\t\t\t\t<\/div>\n\t\t\t\t<div class=\"elementor-element elementor-element-10dbaf3 elementor-widget elementor-widget-info\" data-id=\"10dbaf3\" data-element_type=\"widget\" data-widget_type=\"info.default\">\n\t\t\t\t<div class=\"elementor-widget-container\">\n\t\t\t\t\t<div class=\"row\"><div class=\"col-md-4\"><div class=\"info-photo\"><img decoding=\"async\" src=\"https:\/\/capitalconcept.london\/wp-content\/uploads\/2021\/04\/photo-children.jpg\" alt=\"Image\"><\/div><\/div><div class=\"col-md-8\"><div class=\"info-description\">Si esta\u0301 considerando la posibilidad de enviar a su hijo\/a a un colegio internado en el extranjero pero primero le gustari\u0301a que tuviera una experiencia de menos duracio\u0301n, puede optar por los siguientes programas:<br><br>\n<ul>\n \t<li>Programas de an\u0303o acade\u0301mico<\/li>\n \t<li>Programas de integracio\u0301n escolar<\/li>\n\n<\/ul>\nEste tipo de programas esta\u0301n pensados para estudiantes que desean vivir la experiencia de estudiar en el extranjero durante un periodo de tiempo ma\u0301s corto. Los nin\u0303os se sumergen por completo en el idioma y la cultura y estudian junto a compan\u0303eros del pai\u0301s en el que esta\u0301n y de su misma edad, siguiendo el plan de estudios de alguno de los destacados colegios privados con los que trabajamos, ya sea durante unas semanas o por unos meses.\n\n<br><br>\nAdema\u0301s, participara\u0301n en todas las clases y actividades junto con sus compan\u0303eros y se sentira\u0301n parte de la comunidad escolar. Esta experiencia u\u0301nica les brindara\u0301 extraordinarias oportunidades con vistas a sus futuras aspiraciones educativas y profesionales.\n\n<br><br>\nPor otra parte, si le interesan los programas internacionales, pero no quiere enviar a sus hijos a un internado en el extranjero, puede optar por <strong>la ensen\u0303anza en li\u0301nea<\/strong> en uno de los principales colegios privados de Europa o Norteame\u0301rica. Los programas educativos en li\u0301nea esta\u0301n disen\u0303ados para que los alumnos participen plenamente en el proceso de aprendizaje y en las actividades extraescolares del centro sin necesidad de estar fi\u0301sicamente presentes. Los alumnos estudian a distancia desde casa, asistiendo a clases en directo o pregrabadas en grupos reducidos con compan\u0303eros de todo el mundo.<\/div><\/div><\/div>\t\t\t\t<\/div>\n\t\t\t\t<\/div>\n\t\t\t\t\t<\/div>\n\t\t<\/div>\n\t\t\t\t\t<\/div>\n\t\t<\/section>\n\t\t\t\t<section class=\"elementor-section elementor-top-section elementor-element elementor-element-5f3544a section-padding elementor-section-boxed elementor-section-height-default elementor-section-height-default\" data-id=\"5f3544a\" data-element_type=\"section\">\n\t\t\t\t\t\t<div class=\"elementor-container elementor-column-gap-default\">\n\t\t\t\t\t<div class=\"elementor-column elementor-col-100 elementor-top-column elementor-element elementor-element-a4665f7\" data-id=\"a4665f7\" data-element_type=\"column\">\n\t\t\t<div class=\"elementor-widget-wrap elementor-element-populated\">\n\t\t\t\t\t\t<div class=\"elementor-element elementor-element-1aaa9a4 icon elementor-view-default elementor-widget elementor-widget-icon\" data-id=\"1aaa9a4\" data-element_type=\"widget\" data-widget_type=\"icon.default\">\n\t\t\t\t<div class=\"elementor-widget-container\">\n\t\t\t\t\t\t\t<div class=\"elementor-icon-wrapper\">\n\t\t\t<div class=\"elementor-icon\">\n\t\t\t<svg xmlns=\"http:\/\/www.w3.org\/2000\/svg\" width=\"23\" height=\"22\" viewBox=\"0 0 23 22\" fill=\"none\"><path d=\"M11.5 8L8.5 11L11.5 14L14.5 11L11.5 8Z\" fill=\"#721B1B\" stroke=\"#721B1B\"><\/path><path d=\"M11.5 15L8.5 18L11.5 21L14.5 18L11.5 15Z\" fill=\"#721B1B\" stroke=\"#721B1B\"><\/path><path d=\"M18.5 8L15.5 11L18.5 14L21.5 11L18.5 8Z\" fill=\"#721B1B\" stroke=\"#721B1B\"><\/path><path d=\"M4.5 8L1.5 11L4.5 14L7.5 11L4.5 8Z\" fill=\"#721B1B\" stroke=\"#721B1B\"><\/path><path d=\"M11.5 1L8.5 4L11.5 7L14.5 4L11.5 1Z\" fill=\"#721B1B\" stroke=\"#721B1B\"><\/path><\/svg>\t\t\t<\/div>\n\t\t<\/div>\n\t\t\t\t\t\t<\/div>\n\t\t\t\t<\/div>\n\t\t\t\t<div class=\"elementor-element elementor-element-550ff95 elementor-widget elementor-widget-heading\" data-id=\"550ff95\" data-element_type=\"widget\" data-widget_type=\"heading.default\">\n\t\t\t\t<div class=\"elementor-widget-container\">\n\t\t\t\t\t<h4 class=\"elementor-heading-title elementor-size-default\">Ofrecemos una atenci\u00f3n de alta calidad, un enfoque personal, eficiencia y <br>confidencialidad.\n<br> <br> Ayudamos a nuestros estudiantes a integrarse en su nuevo entorno y los <br>apoyamos acad\u00e9micamente.<br><br>\nP\u00f3ngase en contacto con nosotros para obtener m\u00e1s informaci\u00f3n sobre nuestros servicios.\n<\/h4>\t\t\t\t<\/div>\n\t\t\t\t<\/div>\n\t\t\t\t<div class=\"elementor-element elementor-element-671aab9 elementor-widget elementor-widget-spacer\" data-id=\"671aab9\" data-element_type=\"widget\" data-widget_type=\"spacer.default\">\n\t\t\t\t<div class=\"elementor-widget-container\">\n\t\t\t\t\t\t\t<div class=\"elementor-spacer\">\n\t\t\t<div class=\"elementor-spacer-inner\"><\/div>\n\t\t<\/div>\n\t\t\t\t\t\t<\/div>\n\t\t\t\t<\/div>\n\t\t\t\t<div class=\"elementor-element elementor-element-7deeaac elementor-align-center btn-default lora booking-form elementor-widget elementor-widget-button\" data-id=\"7deeaac\" data-element_type=\"widget\" data-widget_type=\"button.default\">\n\t\t\t\t<div class=\"elementor-widget-container\">\n\t\t\t\t\t\t\t\t\t<div class=\"elementor-button-wrapper\">\n\t\t\t\t\t<a class=\"elementor-button elementor-button-link elementor-size-sm\" href=\"#\">\n\t\t\t\t\t\t<span class=\"elementor-button-content-wrapper\">\n\t\t\t\t\t\t\t\t\t<span class=\"elementor-button-text\">Solicita tu asesor\u00eda<\/span>\n\t\t\t\t\t<\/span>\n\t\t\t\t\t<\/a>\n\t\t\t\t<\/div>\n\t\t\t\t\t\t\t\t<\/div>\n\t\t\t\t<\/div>\n\t\t\t\t\t<\/div>\n\t\t<\/div>\n\t\t\t\t\t<\/div>\n\t\t<\/section>\n\t\t\t\t<\/div>\n\t\t","protected":false},"excerpt":{"rendered":"<p>\u00bfEn b\u00fasqueda de un colegio en el extranjero? Estamos especializados en ayudarte a encontrar el mejor colegio ya sea en el Reino Unido, Europa, Irlanda, Estados Unidos o Canad\u00e1. Elaboramos un plan de preparaci\u00f3n individualizado para conseguir una admisi\u00f3n exitosa en los m\u00e1s prestigiosos colegios privados, teniendo en cuenta preferencias, objetivos, conocimientos acad\u00e9micos y personalidad [&hellip;]<\/p>\n","protected":false},"author":3,"featured_media":0,"parent":0,"menu_order":0,"comment_status":"closed","ping_status":"closed","template":"elementor_header_footer","meta":{"footnotes":""},"class_list":["post-1755","page","type-page","status-publish","hentry"],"acf":[],"yoast_head":"<!-- This site is optimized with the Yoast SEO plugin v26.5 - https:\/\/yoast.com\/wordpress\/plugins\/seo\/ -->\n<title>Colegios Internacionales - C\u0430pital Concept London<\/title>\n<meta name=\"robots\" content=\"index, follow, max-snippet:-1, max-image-preview:large, max-video-preview:-1\" \/>\n<link rel=\"canonical\" href=\"https:\/\/capitalconcept.london\/es\/colegios-internacionales\/\" \/>\n<meta property=\"og:locale\" content=\"es_ES\" \/>\n<meta property=\"og:type\" content=\"article\" \/>\n<meta property=\"og:title\" content=\"Colegios Internacionales - C\u0430pital Concept London\" \/>\n<meta property=\"og:description\" content=\"\u00bfEn b\u00fasqueda de un colegio en el extranjero? Estamos especializados en ayudarte a encontrar el mejor colegio ya sea en el Reino Unido, Europa, Irlanda, Estados Unidos o Canad\u00e1. Elaboramos un plan de preparaci\u00f3n individualizado para conseguir una admisi\u00f3n exitosa en los m\u00e1s prestigiosos colegios privados, teniendo en cuenta preferencias, objetivos, conocimientos acad\u00e9micos y personalidad [&hellip;]\" \/>\n<meta property=\"og:url\" content=\"https:\/\/capitalconcept.london\/es\/colegios-internacionales\/\" \/>\n<meta property=\"og:site_name\" content=\"C\u0430pital Concept London\" \/>\n<meta property=\"article:modified_time\" content=\"2023-06-23T08:56:12+00:00\" \/>\n<meta property=\"og:image\" content=\"https:\/\/capitalconcept.london\/wp-content\/uploads\/2021\/04\/photo-children.jpg\" \/>\n<meta name=\"twitter:card\" content=\"summary_large_image\" \/>\n<meta name=\"twitter:label1\" content=\"Tiempo de lectura\" \/>\n\t<meta name=\"twitter:data1\" content=\"3 minutos\" \/>\n<script type=\"application\/ld+json\" class=\"yoast-schema-graph\">{\"@context\":\"https:\/\/schema.org\",\"@graph\":[{\"@type\":\"WebPage\",\"@id\":\"https:\/\/capitalconcept.london\/es\/colegios-internacionales\/\",\"url\":\"https:\/\/capitalconcept.london\/es\/colegios-internacionales\/\",\"name\":\"Colegios Internacionales - C\u0430pital Concept London\",\"isPartOf\":{\"@id\":\"http:\/\/capitalconcept.london\/#website\"},\"primaryImageOfPage\":{\"@id\":\"https:\/\/capitalconcept.london\/es\/colegios-internacionales\/#primaryimage\"},\"image\":{\"@id\":\"https:\/\/capitalconcept.london\/es\/colegios-internacionales\/#primaryimage\"},\"thumbnailUrl\":\"https:\/\/capitalconcept.london\/wp-content\/uploads\/2021\/04\/photo-children.jpg\",\"datePublished\":\"2023-06-21T18:23:07+00:00\",\"dateModified\":\"2023-06-23T08:56:12+00:00\",\"breadcrumb\":{\"@id\":\"https:\/\/capitalconcept.london\/es\/colegios-internacionales\/#breadcrumb\"},\"inLanguage\":\"es\",\"potentialAction\":[{\"@type\":\"ReadAction\",\"target\":[\"https:\/\/capitalconcept.london\/es\/colegios-internacionales\/\"]}]},{\"@type\":\"ImageObject\",\"inLanguage\":\"es\",\"@id\":\"https:\/\/capitalconcept.london\/es\/colegios-internacionales\/#primaryimage\",\"url\":\"https:\/\/capitalconcept.london\/wp-content\/uploads\/2021\/04\/photo-children.jpg\",\"contentUrl\":\"https:\/\/capitalconcept.london\/wp-content\/uploads\/2021\/04\/photo-children.jpg\"},{\"@type\":\"BreadcrumbList\",\"@id\":\"https:\/\/capitalconcept.london\/es\/colegios-internacionales\/#breadcrumb\",\"itemListElement\":[{\"@type\":\"ListItem\",\"position\":1,\"name\":\"\u0413\u043b\u0430\u0432\u043d\u0430\u044f \u0441\u0442\u0440\u0430\u043d\u0438\u0446\u0430\",\"item\":\"http:\/\/capitalconcept.london\/es\/\"},{\"@type\":\"ListItem\",\"position\":2,\"name\":\"Colegios Internacionales\"}]},{\"@type\":\"WebSite\",\"@id\":\"http:\/\/capitalconcept.london\/#website\",\"url\":\"http:\/\/capitalconcept.london\/\",\"name\":\"C\u0430pital Concept London\",\"description\":\"Experts in the World of International Education\",\"publisher\":{\"@id\":\"http:\/\/capitalconcept.london\/#organization\"},\"potentialAction\":[{\"@type\":\"SearchAction\",\"target\":{\"@type\":\"EntryPoint\",\"urlTemplate\":\"http:\/\/capitalconcept.london\/?s={search_term_string}\"},\"query-input\":{\"@type\":\"PropertyValueSpecification\",\"valueRequired\":true,\"valueName\":\"search_term_string\"}}],\"inLanguage\":\"es\"},{\"@type\":\"Organization\",\"@id\":\"http:\/\/capitalconcept.london\/#organization\",\"name\":\"C\u0430pital Concept London\",\"url\":\"http:\/\/capitalconcept.london\/\",\"logo\":{\"@type\":\"ImageObject\",\"inLanguage\":\"es\",\"@id\":\"http:\/\/capitalconcept.london\/#\/schema\/logo\/image\/\",\"url\":\"https:\/\/capitalconcept.london\/wp-content\/uploads\/2022\/01\/whatsapp-image-2021-12-04-at-17.50.png\",\"contentUrl\":\"https:\/\/capitalconcept.london\/wp-content\/uploads\/2022\/01\/whatsapp-image-2021-12-04-at-17.50.png\",\"width\":300,\"height\":300,\"caption\":\"C\u0430pital Concept London\"},\"image\":{\"@id\":\"http:\/\/capitalconcept.london\/#\/schema\/logo\/image\/\"}}]}<\/script>\n<!-- \/ Yoast SEO plugin. -->","yoast_head_json":{"title":"Colegios Internacionales - C\u0430pital Concept London","robots":{"index":"index","follow":"follow","max-snippet":"max-snippet:-1","max-image-preview":"max-image-preview:large","max-video-preview":"max-video-preview:-1"},"canonical":"https:\/\/capitalconcept.london\/es\/colegios-internacionales\/","og_locale":"es_ES","og_type":"article","og_title":"Colegios Internacionales - C\u0430pital Concept London","og_description":"\u00bfEn b\u00fasqueda de un colegio en el extranjero? Estamos especializados en ayudarte a encontrar el mejor colegio ya sea en el Reino Unido, Europa, Irlanda, Estados Unidos o Canad\u00e1. Elaboramos un plan de preparaci\u00f3n individualizado para conseguir una admisi\u00f3n exitosa en los m\u00e1s prestigiosos colegios privados, teniendo en cuenta preferencias, objetivos, conocimientos acad\u00e9micos y personalidad [&hellip;]","og_url":"https:\/\/capitalconcept.london\/es\/colegios-internacionales\/","og_site_name":"C\u0430pital Concept London","article_modified_time":"2023-06-23T08:56:12+00:00","og_image":[{"url":"https:\/\/capitalconcept.london\/wp-content\/uploads\/2021\/04\/photo-children.jpg","type":"","width":"","height":""}],"twitter_card":"summary_large_image","twitter_misc":{"Tiempo de lectura":"3 minutos"},"schema":{"@context":"https:\/\/schema.org","@graph":[{"@type":"WebPage","@id":"https:\/\/capitalconcept.london\/es\/colegios-internacionales\/","url":"https:\/\/capitalconcept.london\/es\/colegios-internacionales\/","name":"Colegios Internacionales - C\u0430pital Concept London","isPartOf":{"@id":"http:\/\/capitalconcept.london\/#website"},"primaryImageOfPage":{"@id":"https:\/\/capitalconcept.london\/es\/colegios-internacionales\/#primaryimage"},"image":{"@id":"https:\/\/capitalconcept.london\/es\/colegios-internacionales\/#primaryimage"},"thumbnailUrl":"https:\/\/capitalconcept.london\/wp-content\/uploads\/2021\/04\/photo-children.jpg","datePublished":"2023-06-21T18:23:07+00:00","dateModified":"2023-06-23T08:56:12+00:00","breadcrumb":{"@id":"https:\/\/capitalconcept.london\/es\/colegios-internacionales\/#breadcrumb"},"inLanguage":"es","potentialAction":[{"@type":"ReadAction","target":["https:\/\/capitalconcept.london\/es\/colegios-internacionales\/"]}]},{"@type":"ImageObject","inLanguage":"es","@id":"https:\/\/capitalconcept.london\/es\/colegios-internacionales\/#primaryimage","url":"https:\/\/capitalconcept.london\/wp-content\/uploads\/2021\/04\/photo-children.jpg","contentUrl":"https:\/\/capitalconcept.london\/wp-content\/uploads\/2021\/04\/photo-children.jpg"},{"@type":"BreadcrumbList","@id":"https:\/\/capitalconcept.london\/es\/colegios-internacionales\/#breadcrumb","itemListElement":[{"@type":"ListItem","position":1,"name":"\u0413\u043b\u0430\u0432\u043d\u0430\u044f \u0441\u0442\u0440\u0430\u043d\u0438\u0446\u0430","item":"http:\/\/capitalconcept.london\/es\/"},{"@type":"ListItem","position":2,"name":"Colegios Internacionales"}]},{"@type":"WebSite","@id":"http:\/\/capitalconcept.london\/#website","url":"http:\/\/capitalconcept.london\/","name":"C\u0430pital Concept London","description":"Experts in the World of International Education","publisher":{"@id":"http:\/\/capitalconcept.london\/#organization"},"potentialAction":[{"@type":"SearchAction","target":{"@type":"EntryPoint","urlTemplate":"http:\/\/capitalconcept.london\/?s={search_term_string}"},"query-input":{"@type":"PropertyValueSpecification","valueRequired":true,"valueName":"search_term_string"}}],"inLanguage":"es"},{"@type":"Organization","@id":"http:\/\/capitalconcept.london\/#organization","name":"C\u0430pital Concept London","url":"http:\/\/capitalconcept.london\/","logo":{"@type":"ImageObject","inLanguage":"es","@id":"http:\/\/capitalconcept.london\/#\/schema\/logo\/image\/","url":"https:\/\/capitalconcept.london\/wp-content\/uploads\/2022\/01\/whatsapp-image-2021-12-04-at-17.50.png","contentUrl":"https:\/\/capitalconcept.london\/wp-content\/uploads\/2022\/01\/whatsapp-image-2021-12-04-at-17.50.png","width":300,"height":300,"caption":"C\u0430pital Concept London"},"image":{"@id":"http:\/\/capitalconcept.london\/#\/schema\/logo\/image\/"}}]}},"_links":{"self":[{"href":"https:\/\/capitalconcept.london\/es\/wp-json\/wp\/v2\/pages\/1755","targetHints":{"allow":["GET"]}}],"collection":[{"href":"https:\/\/capitalconcept.london\/es\/wp-json\/wp\/v2\/pages"}],"about":[{"href":"https:\/\/capitalconcept.london\/es\/wp-json\/wp\/v2\/types\/page"}],"author":[{"embeddable":true,"href":"https:\/\/capitalconcept.london\/es\/wp-json\/wp\/v2\/users\/3"}],"replies":[{"embeddable":true,"href":"https:\/\/capitalconcept.london\/es\/wp-json\/wp\/v2\/comments?post=1755"}],"version-history":[{"count":26,"href":"https:\/\/capitalconcept.london\/es\/wp-json\/wp\/v2\/pages\/1755\/revisions"}],"predecessor-version":[{"id":1859,"href":"https:\/\/capitalconcept.london\/es\/wp-json\/wp\/v2\/pages\/1755\/revisions\/1859"}],"wp:attachment":[{"href":"https:\/\/capitalconcept.london\/es\/wp-json\/wp\/v2\/media?parent=1755"}],"curies":[{"name":"wp","href":"https:\/\/api.w.org\/{rel}","templated":true}]}}